{"id":1441,"date":"2021-12-22T03:44:54","date_gmt":"2021-12-22T03:44:54","guid":{"rendered":"https:\/\/www.pidengineering.ca\/nous-contacter\/"},"modified":"2022-03-10T05:44:29","modified_gmt":"2022-03-10T05:44:29","slug":"nous-contacter","status":"publish","type":"page","link":"https:\/\/www.pidengineering.ca\/fr\/nous-contacter\/","title":{"rendered":"Nous contacter"},"content":{"rendered":"\n<div class=\"wp-block-group alignfull page-title\"><div class=\"wp-block-group__inner-container is-layout-flow wp-block-group-is-layout-flow\">\n<h1 class=\"has-text-align-center animated zoomIn wp-block-heading\" id=\"contact-us\">Nous contacter<\/h1>\n\n\n\n<div style=\"height:30px\" aria-hidden=\"true\" class=\"wp-block-spacer\"><\/div>\n<\/div><\/div>\n\n<div class=\"wp-block-group alignwide\"><div class=\"wp-block-group__inner-container is-layout-flow wp-block-group-is-layout-flow\">\n<div class=\"wp-block-genesis-blocks-gb-columns gb-layout-columns-2 gb-2-col-wideleft\"><div class=\"gb-layout-column-wrap gb-block-layout-column-gap-3 gb-is-responsive-column\">\n<div class=\"wp-block-genesis-blocks-gb-column gb-block-layout-column\"><div class=\"gb-block-layout-column-inner\">\n<div class=\"wp-block-group form-box animated bounceIn delay-200ms\"><div class=\"wp-block-group__inner-container is-layout-flow wp-block-group-is-layout-flow\">\n<h2 class=\"h3 wp-block-heading\" id=\"book-consultation\">Consultation de livre<\/h2>\n\n\n\n<p>Veuillez remplir le formulaire ci-dessous pour obtenir un devis de notre ing\u00e9nieur expert.<\/p>\n\n\n<script type=\"text\/javascript\">var gform;gform||(document.addEventListener(\"gform_main_scripts_loaded\",function(){gform.scriptsLoaded=!0}),window.addEventListener(\"DOMContentLoaded\",function(){gform.domLoaded=!0}),gform={domLoaded:!1,scriptsLoaded:!1,initializeOnLoaded:function(o){gform.domLoaded&&gform.scriptsLoaded?o():!gform.domLoaded&&gform.scriptsLoaded?window.addEventListener(\"DOMContentLoaded\",o):document.addEventListener(\"gform_main_scripts_loaded\",o)},hooks:{action:{},filter:{}},addAction:function(o,n,r,t){gform.addHook(\"action\",o,n,r,t)},addFilter:function(o,n,r,t){gform.addHook(\"filter\",o,n,r,t)},doAction:function(o){gform.doHook(\"action\",o,arguments)},applyFilters:function(o){return gform.doHook(\"filter\",o,arguments)},removeAction:function(o,n){gform.removeHook(\"action\",o,n)},removeFilter:function(o,n,r){gform.removeHook(\"filter\",o,n,r)},addHook:function(o,n,r,t,i){null==gform.hooks[o][n]&&(gform.hooks[o][n]=[]);var e=gform.hooks[o][n];null==i&&(i=n+\"_\"+e.length),gform.hooks[o][n].push({tag:i,callable:r,priority:t=null==t?10:t})},doHook:function(n,o,r){var t;if(r=Array.prototype.slice.call(r,1),null!=gform.hooks[n][o]&&((o=gform.hooks[n][o]).sort(function(o,n){return o.priority-n.priority}),o.forEach(function(o){\"function\"!=typeof(t=o.callable)&&(t=window[t]),\"action\"==n?t.apply(null,r):r[0]=t.apply(null,r)})),\"filter\"==n)return r[0]},removeHook:function(o,n,t,i){var r;null!=gform.hooks[o][n]&&(r=(r=gform.hooks[o][n]).filter(function(o,n,r){return!!(null!=i&&i!=o.tag||null!=t&&t!=o.priority)}),gform.hooks[o][n]=r)}});<\/script>\n                <div class='gf_browser_gecko gform_wrapper gravity-theme' id='gform_wrapper_1' ><form method='post' enctype='multipart\/form-data' target='gform_ajax_frame_1' id='gform_1'  action='\/fr\/wp-json\/wp\/v2\/pages\/1441' >\n                        <div class='gform_body gform-body'><div id='gform_fields_1' class='gform_fields top_label form_sublabel_below description_below'><fieldset id=\"field_1_1\"  class=\"gfield gfield--width-half gfield_contains_required field_sublabel_hidden_label field_description_below hidden_label gfield_visibility_visible\"  data-js-reload=\"field_1_1\"><legend class='gfield_label gfield_label_before_complex'  >Nom*<span class=\"gfield_required\"><span class=\"gfield_required gfield_required_text\">(N\u00e9cessaire)<\/span><\/span><\/legend><div class='ginput_complex ginput_container no_prefix has_first_name no_middle_name no_last_name no_suffix gf_name_has_1 ginput_container_name' id='input_1_1'>\n                            \n                            <span id='input_1_1_3_container' class='name_first' >\n                                                    <input type='text' name='input_1.3' id='input_1_1_3' value=''   aria-required='true'   placeholder='Nom*'  \/>\n                                                    <label for='input_1_1_3' class='hidden_sub_label screen-reader-text'>Pr\u00e9nom<\/label>\n                                                <\/span>\n                            \n                            \n                            \n                        <\/div><\/fieldset><div id=\"field_1_2\"  class=\"gfield gfield--width-half gfield_contains_required field_sublabel_below field_description_below hidden_label gfield_visibility_visible\"  data-js-reload=\"field_1_2\"><label class='gfield_label' for='input_1_2' >T\u00e9l\u00e9phoner*<span class=\"gfield_required\"><span class=\"gfield_required gfield_required_text\">(N\u00e9cessaire)<\/span><\/span><\/label><div class='ginput_container ginput_container_phone'><input name='input_2' id='input_1_2' type='text' value='' class='large'  placeholder='T\u00e9l\u00e9phoner*' aria-required=\"true\" aria-invalid=\"false\"   \/><\/div><\/div><div id=\"field_1_3\"  class=\"gfield gfield--width-full gfield_contains_required field_sublabel_below field_description_below hidden_label gfield_visibility_visible\"  data-js-reload=\"field_1_3\"><label class='gfield_label' for='input_1_3' >E-mail*<span class=\"gfield_required\"><span class=\"gfield_required gfield_required_text\">(N\u00e9cessaire)<\/span><\/span><\/label><div class='ginput_container ginput_container_email'>\n                            <input name='input_3' id='input_1_3' type='text' value='' class='large'   placeholder='Adresse e-mail*' aria-required=\"true\" aria-invalid=\"false\"  \/>\n                        <\/div><\/div><div id=\"field_1_4\"  class=\"gfield gfield--width-full field_sublabel_below field_description_below hidden_label gfield_visibility_visible\"  data-js-reload=\"field_1_4\"><label class='gfield_label' for='input_1_4' >Un message<\/label><div class='ginput_container ginput_container_textarea'><textarea name='input_4' id='input_1_4' class='textarea small'    placeholder='Un message'  aria-invalid=\"false\"   rows='10' cols='50'><\/textarea><\/div><\/div><div id=\"field_1_5\"  class=\"gfield gfield--width-full field_sublabel_below field_description_below hidden_label gfield_visibility_visible\"  data-js-reload=\"field_1_5\"><label class='gfield_label' for='input_1_5' >CAPTCHA<\/label><div id='input_1_5' class='ginput_container ginput_recaptcha' data-sitekey='6LdL5GkeAAAAABK0w-a_QAL7a3Ue7HF61acmqmln'  data-theme='light' data-tabindex='-1' data-size='invisible' data-badge='bottomright'><\/div><\/div><\/div><\/div>\n        <div class='gform_footer top_label'> <input type='submit' id='gform_submit_button_1' class='gform_button button' value='Soumettre'  onclick='if(window[\"gf_submitting_1\"]){return false;}  window[\"gf_submitting_1\"]=true;  ' onkeypress='if( event.keyCode == 13 ){ if(window[\"gf_submitting_1\"]){return false;} window[\"gf_submitting_1\"]=true;  jQuery(\"#gform_1\").trigger(\"submit\",[true]); }' \/> <input type='hidden' name='gform_ajax' value='form_id=1&amp;title=&amp;description=&amp;tabindex=0' \/>\n            <input type='hidden' class='gform_hidden' name='is_submit_1' value='1' \/>\n            <input type='hidden' class='gform_hidden' name='gform_submit' value='1' \/>\n            \n            <input type='hidden' class='gform_hidden' name='gform_unique_id' value='' \/>\n            <input type='hidden' class='gform_hidden' name='state_1' value='WyJbXSIsImIyN2JlOWE5NDEyNzkyYWRlMzg1ZDdmN2VkZTM1NTU4Il0=' \/>\n            <input type='hidden' class='gform_hidden' name='gform_target_page_number_1' id='gform_target_page_number_1' value='0' \/>\n            <input type='hidden' class='gform_hidden' name='gform_source_page_number_1' id='gform_source_page_number_1' value='1' \/>\n            <input type='hidden' name='gform_field_values' value='' \/>\n            \n        <\/div>\n                        <\/form>\n                        <\/div>\n                <iframe style='display:none;width:0px;height:0px;' src='about:blank' name='gform_ajax_frame_1' id='gform_ajax_frame_1' title='Cette iframe contient la logique n\u00e9cessaire pour manipuler Gravity Forms avec Ajax.'><\/iframe>\n                <script>\ngform.initializeOnLoaded( function() {gformInitSpinner( 1, 'data:image\/svg+xml;base64,PHN2ZyB4bWxucz0naHR0cDovL3d3dy53My5vcmcvMjAwMC9zdmcnIHhtbG5zOnhsaW5rPSdodHRwOi8vd3d3LnczLm9yZy8xOTk5L3hsaW5rJyB3aWR0aD0nMjAwcHgnIGhlaWdodD0nMjAwcHgnIHZpZXdCb3g9JzAgMCAxMDAgMTAwJyBwcmVzZXJ2ZUFzcGVjdFJhdGlvPSd4TWlkWU1pZCc+PGNpcmNsZSBjeD0nNTAnIGN5PSc1MCcgcj0nMzAnIHN0cm9rZT0nIzBiYTg0OCcgc3Ryb2tlLXdpZHRoPScxMycgZmlsbD0nbm9uZSc+PC9jaXJjbGU+PGNpcmNsZSBjeD0nNTAnIGN5PSc1MCcgcj0nMzAnIHN0cm9rZT0nI2ZmZmZmZicgc3Ryb2tlLXdpZHRoPSc2JyBzdHJva2UtbGluZWNhcD0ncm91bmQnIGZpbGw9J25vbmUnPjxhbmltYXRlVHJhbnNmb3JtIGF0dHJpYnV0ZU5hbWU9J3RyYW5zZm9ybScgdHlwZT0ncm90YXRlJyByZXBlYXRDb3VudD0naW5kZWZpbml0ZScgZHVyPScxcycgdmFsdWVzPScwIDUwIDUwOzE4MCA1MCA1MDs3MjAgNTAgNTAnIGtleVRpbWVzPScwOzAuNTsxJz48L2FuaW1hdGVUcmFuc2Zvcm0+PGFuaW1hdGUgYXR0cmlidXRlTmFtZT0nc3Ryb2tlLWRhc2hhcnJheScgcmVwZWF0Q291bnQ9J2luZGVmaW5pdGUnIGR1cj0nMXMnIHZhbHVlcz0nMTguODQ5NTU1OTIxNTM4NzYgMTY5LjY0NjAwMzI5Mzg0ODgyOzk0LjI0Nzc3OTYwNzY5MzggOTQuMjQ3Nzc5NjA3NjkzNzc7MTguODQ5NTU1OTIxNTM4NzYgMTY5LjY0NjAwMzI5Mzg0ODgyJyBrZXlUaW1lcz0nMDswLjU7MSc+PC9hbmltYXRlPjwvY2lyY2xlPjwvc3ZnPg==' );jQuery('#gform_ajax_frame_1').on('load',function(){var contents = jQuery(this).contents().find('*').html();var is_postback = contents.indexOf('GF_AJAX_POSTBACK') >= 0;if(!is_postback){return;}var form_content = jQuery(this).contents().find('#gform_wrapper_1');var is_confirmation = jQuery(this).contents().find('#gform_confirmation_wrapper_1').length > 0;var is_redirect = contents.indexOf('gformRedirect(){') >= 0;var is_form = form_content.length > 0 && ! is_redirect && ! is_confirmation;var mt = parseInt(jQuery('html').css('margin-top'), 10) + parseInt(jQuery('body').css('margin-top'), 10) + 100;if(is_form){jQuery('#gform_wrapper_1').html(form_content.html());if(form_content.hasClass('gform_validation_error')){jQuery('#gform_wrapper_1').addClass('gform_validation_error');} else {jQuery('#gform_wrapper_1').removeClass('gform_validation_error');}setTimeout( function() { \/* delay the scroll by 50 milliseconds to fix a bug in chrome *\/  }, 50 );if(window['gformInitDatepicker']) {gformInitDatepicker();}if(window['gformInitPriceFields']) {gformInitPriceFields();}var current_page = jQuery('#gform_source_page_number_1').val();gformInitSpinner( 1, 'data:image\/svg+xml;base64,PHN2ZyB4bWxucz0naHR0cDovL3d3dy53My5vcmcvMjAwMC9zdmcnIHhtbG5zOnhsaW5rPSdodHRwOi8vd3d3LnczLm9yZy8xOTk5L3hsaW5rJyB3aWR0aD0nMjAwcHgnIGhlaWdodD0nMjAwcHgnIHZpZXdCb3g9JzAgMCAxMDAgMTAwJyBwcmVzZXJ2ZUFzcGVjdFJhdGlvPSd4TWlkWU1pZCc+PGNpcmNsZSBjeD0nNTAnIGN5PSc1MCcgcj0nMzAnIHN0cm9rZT0nIzBiYTg0OCcgc3Ryb2tlLXdpZHRoPScxMycgZmlsbD0nbm9uZSc+PC9jaXJjbGU+PGNpcmNsZSBjeD0nNTAnIGN5PSc1MCcgcj0nMzAnIHN0cm9rZT0nI2ZmZmZmZicgc3Ryb2tlLXdpZHRoPSc2JyBzdHJva2UtbGluZWNhcD0ncm91bmQnIGZpbGw9J25vbmUnPjxhbmltYXRlVHJhbnNmb3JtIGF0dHJpYnV0ZU5hbWU9J3RyYW5zZm9ybScgdHlwZT0ncm90YXRlJyByZXBlYXRDb3VudD0naW5kZWZpbml0ZScgZHVyPScxcycgdmFsdWVzPScwIDUwIDUwOzE4MCA1MCA1MDs3MjAgNTAgNTAnIGtleVRpbWVzPScwOzAuNTsxJz48L2FuaW1hdGVUcmFuc2Zvcm0+PGFuaW1hdGUgYXR0cmlidXRlTmFtZT0nc3Ryb2tlLWRhc2hhcnJheScgcmVwZWF0Q291bnQ9J2luZGVmaW5pdGUnIGR1cj0nMXMnIHZhbHVlcz0nMTguODQ5NTU1OTIxNTM4NzYgMTY5LjY0NjAwMzI5Mzg0ODgyOzk0LjI0Nzc3OTYwNzY5MzggOTQuMjQ3Nzc5NjA3NjkzNzc7MTguODQ5NTU1OTIxNTM4NzYgMTY5LjY0NjAwMzI5Mzg0ODgyJyBrZXlUaW1lcz0nMDswLjU7MSc+PC9hbmltYXRlPjwvY2lyY2xlPjwvc3ZnPg==' );jQuery(document).trigger('gform_page_loaded', [1, current_page]);window['gf_submitting_1'] = false;}else if(!is_redirect){var confirmation_content = jQuery(this).contents().find('.GF_AJAX_POSTBACK').html();if(!confirmation_content){confirmation_content = contents;}setTimeout(function(){jQuery('#gform_wrapper_1').replaceWith(confirmation_content);jQuery(document).trigger('gform_confirmation_loaded', [1]);window['gf_submitting_1'] = false;wp.a11y.speak(jQuery('#gform_confirmation_message_1').text());}, 50);}else{jQuery('#gform_1').append(contents);if(window['gformRedirect']) {gformRedirect();}}jQuery(document).trigger('gform_post_render', [1, current_page]);} );} );\n<\/script>\n\n\n\n<p>Nous garantissons que vos coordonn\u00e9es ne seront jamais partag\u00e9es. <a href=\"https:\/\/www.pidengineering.ca\/fr\/politique-de-confidentialite\/\" target=\"_blank\" rel=\"noreferrer noopener\">Politique de confidentialit\u00e9<\/a><\/p>\n<\/div><\/div>\n\n\n\n<div style=\"height:30px\" aria-hidden=\"true\" class=\"wp-block-spacer visible-on-mobile\"><\/div>\n<\/div><\/div>\n\n\n\n<div class=\"wp-block-genesis-blocks-gb-column contacts-list animated fadeInUp delay-500ms gb-block-layout-column gb-is-vertically-aligned-center\"><div class=\"gb-block-layout-column-inner\">\n<h3 class=\"h3 wp-block-heading\" id=\"contact-details\">D\u00e9tails du contact<\/h3>\n\n\n\n<p class=\"m-0\"><strong>Lieu:<\/strong><\/p>\n\n\n\n<ul class=\"wp-block-list\"><li><strong>Canada<\/strong><\/li><\/ul>\n\n\n\n<p class=\"m-0\"><strong>T\u00e9l\u00e9phoner:<\/strong><\/p>\n\n\n\n<ul class=\"wp-block-list\"><li><a href=\"tel:(905)%20481-1503\">(905) 481-1503<\/a><\/li><\/ul>\n\n\n\n<p class=\"m-0\"><strong>Heures de travail:<\/strong><\/p>\n\n\n\n<ul class=\"wp-block-list\"><li>Lundi-vendredi : 9h00 &#8211; 17h00<\/li><li>Samedi, dimanche\u00a0: par cas<\/li><\/ul>\n<\/div><\/div>\n<\/div><\/div>\n\n\n\n<div style=\"height:100px\" aria-hidden=\"true\" class=\"wp-block-spacer global-spacer\"><\/div>\n<\/div><\/div>\n\n<div class=\"wp-block-genesis-blocks-gb-columns invisible-bg-mobile reversed-on-mobile gb-layout-columns-2 gb-2-col-equal gb-background-cover gb-background-no-repeat gb-has-parallax gb-has-custom-background-color has-text-light-color alignfull\" style=\"background-color:#181818;background-image:url(https:\/\/www.pidengineering.ca\/wp-content\/uploads\/2022\/02\/book-consultation-automation-needs-canada.jpg)\"><div class=\"gb-layout-column-wrap gb-block-layout-column-gap-2 gb-is-responsive-column\">\n<div class=\"wp-block-genesis-blocks-gb-column gb-block-layout-column\"><div class=\"gb-block-layout-column-inner\">\n<div style=\"height:100px\" aria-hidden=\"true\" class=\"wp-block-spacer global-spacer invisible-on-mobile\"><\/div>\n\n\n\n<h2 class=\"animated zoomIn has-text-light-color has-text-color wp-block-heading\" id=\"speak-with-our-team-now-for-a-consultation-your-automation-needs\">Parlez avec notre \u00e9quipe d\u00e8s maintenant pour une consultation de vos besoins en automatisation<\/h2>\n\n\n\n<p class=\"animated fadeInUp delay-100ms has-larger-font-size\" style=\"line-height:1.4\">Appelez-nous d\u00e8s maintenant pour parler \u00e0 l&rsquo;un de nos techniciens exp\u00e9riment\u00e9s. Nous sommes l\u00e0 pour r\u00e9pondre \u00e0 toutes vos questions.<\/p>\n\n\n\n<div class=\"wp-block-buttons animated fadeInUp delay-500ms is-layout-flex wp-block-buttons-is-layout-flex\">\n<div class=\"wp-block-button is-style-fill\"><a class=\"wp-block-button__link has-theme-primary-color has-text-light-background-color has-text-color has-background\" href=\"t&#xE9;l. : (905) 481-1503\" style=\"border-radius:4px\"><strong>APPELEZ MAINTENANT (905) 481-1503<\/strong><\/a><\/div>\n\n\n\n<div class=\"wp-block-button is-style-outline is-style-outline--1\"><a class=\"wp-block-button__link has-text-light-color has-text-color\" href=\"https:\/\/www.pidengineering.ca\/fr\/nous-contacter\/\" style=\"border-radius:4px\"><strong>Envoyez-nous un email<\/strong><\/a><\/div>\n<\/div>\n\n\n\n<div style=\"height:100px\" aria-hidden=\"true\" class=\"wp-block-spacer global-spacer\"><\/div>\n<\/div><\/div>\n\n\n\n<div class=\"wp-block-genesis-blocks-gb-column gb-block-layout-column\"><div class=\"gb-block-layout-column-inner\">\n<figure class=\"wp-block-image size-full visible-on-mobile\"><img loading=\"lazy\" decoding=\"async\" width=\"1024\" height=\"675\" src=\"https:\/\/www.pidengineering.ca\/wp-content\/uploads\/2022\/02\/book-consultation-automation-needs-canada-m.jpg\" alt=\"Besoins d'automatisation de la consultation de livres Canada\" class=\"wp-image-1063\" srcset=\"https:\/\/www.pidengineering.ca\/wp-content\/uploads\/2022\/02\/book-consultation-automation-needs-canada-m.jpg 1024w, https:\/\/www.pidengineering.ca\/wp-content\/uploads\/2022\/02\/book-consultation-automation-needs-canada-m-300x198.jpg 300w, https:\/\/www.pidengineering.ca\/wp-content\/uploads\/2022\/02\/book-consultation-automation-needs-canada-m-768x506.jpg 768w\" sizes=\"auto, (max-width: 1024px) 100vw, 1024px\" \/><\/figure>\n<\/div><\/div>\n<\/div><\/div>\n","protected":false},"excerpt":{"rendered":"<p>Nous contacter<\/p>\n","protected":false},"author":2,"featured_media":0,"parent":0,"menu_order":0,"comment_status":"closed","ping_status":"closed","template":"page-templates\/blocks.php","meta":{"inline_featured_image":false,"_genesis_hide_title":false,"_genesis_hide_breadcrumbs":false,"_genesis_hide_singular_image":false,"_genesis_hide_footer_widgets":false,"_genesis_custom_body_class":"","_genesis_custom_post_class":"","_genesis_layout":"","footnotes":""},"class_list":{"0":"post-1441","1":"page","2":"type-page","3":"status-publish","5":"entry"},"yoast_head":"<!-- This site is optimized with the Yoast SEO plugin v20.0 - https:\/\/yoast.com\/wordpress\/plugins\/seo\/ -->\n<title>Contactez Ing\u00e9nierie PID inc. | Experts en automatisation de l&#039;industrie<\/title>\n<meta name=\"description\" content=\"PID engineering est une soci\u00e9t\u00e9 de conception d&#039;automatisation de processus industriels avec plus de 30 ans d&#039;exp\u00e9rience avec divers \u00e9quipements m\u00e9caniques, \u00e9lectriques et industriels.\" \/>\n<meta name=\"robots\" content=\"index, follow, max-snippet:-1, max-image-preview:large, max-video-preview:-1\" \/>\n<link rel=\"canonical\" href=\"https:\/\/www.pidengineering.ca\/fr\/nous-contacter\/\" \/>\n<meta property=\"og:locale\" content=\"fr_FR\" \/>\n<meta property=\"og:type\" content=\"article\" \/>\n<meta property=\"og:title\" content=\"Contactez Ing\u00e9nierie PID inc. | Experts en automatisation de l&#039;industrie\" \/>\n<meta property=\"og:description\" content=\"PID engineering est une soci\u00e9t\u00e9 de conception d&#039;automatisation de processus industriels avec plus de 30 ans d&#039;exp\u00e9rience avec divers \u00e9quipements m\u00e9caniques, \u00e9lectriques et industriels.\" \/>\n<meta property=\"og:url\" content=\"https:\/\/www.pidengineering.ca\/fr\/nous-contacter\/\" \/>\n<meta property=\"og:site_name\" content=\"PID Engineering Inc.\" \/>\n<meta property=\"article:modified_time\" content=\"2022-03-10T05:44:29+00:00\" \/>\n<meta property=\"og:image\" content=\"https:\/\/www.pidengineering.ca\/wp-content\/uploads\/2022\/02\/book-consultation-automation-needs-canada-m.jpg\" \/>\n<meta name=\"twitter:card\" content=\"summary_large_image\" \/>\n<script type=\"application\/ld+json\" class=\"yoast-schema-graph\">{\"@context\":\"https:\/\/schema.org\",\"@graph\":[{\"@type\":\"WebPage\",\"@id\":\"https:\/\/www.pidengineering.ca\/fr\/nous-contacter\/\",\"url\":\"https:\/\/www.pidengineering.ca\/fr\/nous-contacter\/\",\"name\":\"Contactez Ing\u00e9nierie PID inc. | Experts en automatisation de l'industrie\",\"isPartOf\":{\"@id\":\"https:\/\/www.pidengineering.ca\/#website\"},\"datePublished\":\"2021-12-22T03:44:54+00:00\",\"dateModified\":\"2022-03-10T05:44:29+00:00\",\"description\":\"PID engineering est une soci\u00e9t\u00e9 de conception d'automatisation de processus industriels avec plus de 30 ans d'exp\u00e9rience avec divers \u00e9quipements m\u00e9caniques, \u00e9lectriques et industriels.\",\"inLanguage\":\"fr-FR\",\"potentialAction\":[{\"@type\":\"ReadAction\",\"target\":[\"https:\/\/www.pidengineering.ca\/fr\/nous-contacter\/\"]}]},{\"@type\":\"WebSite\",\"@id\":\"https:\/\/www.pidengineering.ca\/#website\",\"url\":\"https:\/\/www.pidengineering.ca\/\",\"name\":\"PID Engineering Inc.\",\"description\":\"\",\"publisher\":{\"@id\":\"https:\/\/www.pidengineering.ca\/#organization\"},\"potentialAction\":[{\"@type\":\"SearchAction\",\"target\":{\"@type\":\"EntryPoint\",\"urlTemplate\":\"https:\/\/www.pidengineering.ca\/?s={search_term_string}\"},\"query-input\":\"required name=search_term_string\"}],\"inLanguage\":\"fr-FR\"},{\"@type\":\"Organization\",\"@id\":\"https:\/\/www.pidengineering.ca\/#organization\",\"name\":\"PID Engineering Inc.\",\"url\":\"https:\/\/www.pidengineering.ca\/\",\"logo\":{\"@type\":\"ImageObject\",\"inLanguage\":\"fr-FR\",\"@id\":\"https:\/\/www.pidengineering.ca\/#\/schema\/logo\/image\/\",\"url\":\"https:\/\/www.pidengineering.ca\/wp-content\/uploads\/2021\/12\/pid-engineering-inc.jpg\",\"contentUrl\":\"https:\/\/www.pidengineering.ca\/wp-content\/uploads\/2021\/12\/pid-engineering-inc.jpg\",\"width\":232,\"height\":141,\"caption\":\"PID Engineering Inc.\"},\"image\":{\"@id\":\"https:\/\/www.pidengineering.ca\/#\/schema\/logo\/image\/\"}}]}<\/script>\n<!-- \/ Yoast SEO plugin. -->","yoast_head_json":{"title":"Contactez Ing\u00e9nierie PID inc. | Experts en automatisation de l'industrie","description":"PID engineering est une soci\u00e9t\u00e9 de conception d'automatisation de processus industriels avec plus de 30 ans d'exp\u00e9rience avec divers \u00e9quipements m\u00e9caniques, \u00e9lectriques et industriels.","robots":{"index":"index","follow":"follow","max-snippet":"max-snippet:-1","max-image-preview":"max-image-preview:large","max-video-preview":"max-video-preview:-1"},"canonical":"https:\/\/www.pidengineering.ca\/fr\/nous-contacter\/","og_locale":"fr_FR","og_type":"article","og_title":"Contactez Ing\u00e9nierie PID inc. | Experts en automatisation de l'industrie","og_description":"PID engineering est une soci\u00e9t\u00e9 de conception d'automatisation de processus industriels avec plus de 30 ans d'exp\u00e9rience avec divers \u00e9quipements m\u00e9caniques, \u00e9lectriques et industriels.","og_url":"https:\/\/www.pidengineering.ca\/fr\/nous-contacter\/","og_site_name":"PID Engineering Inc.","article_modified_time":"2022-03-10T05:44:29+00:00","og_image":[{"url":"https:\/\/www.pidengineering.ca\/wp-content\/uploads\/2022\/02\/book-consultation-automation-needs-canada-m.jpg"}],"twitter_card":"summary_large_image","schema":{"@context":"https:\/\/schema.org","@graph":[{"@type":"WebPage","@id":"https:\/\/www.pidengineering.ca\/fr\/nous-contacter\/","url":"https:\/\/www.pidengineering.ca\/fr\/nous-contacter\/","name":"Contactez Ing\u00e9nierie PID inc. | Experts en automatisation de l'industrie","isPartOf":{"@id":"https:\/\/www.pidengineering.ca\/#website"},"datePublished":"2021-12-22T03:44:54+00:00","dateModified":"2022-03-10T05:44:29+00:00","description":"PID engineering est une soci\u00e9t\u00e9 de conception d'automatisation de processus industriels avec plus de 30 ans d'exp\u00e9rience avec divers \u00e9quipements m\u00e9caniques, \u00e9lectriques et industriels.","inLanguage":"fr-FR","potentialAction":[{"@type":"ReadAction","target":["https:\/\/www.pidengineering.ca\/fr\/nous-contacter\/"]}]},{"@type":"WebSite","@id":"https:\/\/www.pidengineering.ca\/#website","url":"https:\/\/www.pidengineering.ca\/","name":"PID Engineering Inc.","description":"","publisher":{"@id":"https:\/\/www.pidengineering.ca\/#organization"},"potentialAction":[{"@type":"SearchAction","target":{"@type":"EntryPoint","urlTemplate":"https:\/\/www.pidengineering.ca\/?s={search_term_string}"},"query-input":"required name=search_term_string"}],"inLanguage":"fr-FR"},{"@type":"Organization","@id":"https:\/\/www.pidengineering.ca\/#organization","name":"PID Engineering Inc.","url":"https:\/\/www.pidengineering.ca\/","logo":{"@type":"ImageObject","inLanguage":"fr-FR","@id":"https:\/\/www.pidengineering.ca\/#\/schema\/logo\/image\/","url":"https:\/\/www.pidengineering.ca\/wp-content\/uploads\/2021\/12\/pid-engineering-inc.jpg","contentUrl":"https:\/\/www.pidengineering.ca\/wp-content\/uploads\/2021\/12\/pid-engineering-inc.jpg","width":232,"height":141,"caption":"PID Engineering Inc."},"image":{"@id":"https:\/\/www.pidengineering.ca\/#\/schema\/logo\/image\/"}}]}},"featured_image_src":null,"featured_image_src_square":null,"_links":{"self":[{"href":"https:\/\/www.pidengineering.ca\/fr\/wp-json\/wp\/v2\/pages\/1441","targetHints":{"allow":["GET"]}}],"collection":[{"href":"https:\/\/www.pidengineering.ca\/fr\/wp-json\/wp\/v2\/pages"}],"about":[{"href":"https:\/\/www.pidengineering.ca\/fr\/wp-json\/wp\/v2\/types\/page"}],"author":[{"embeddable":true,"href":"https:\/\/www.pidengineering.ca\/fr\/wp-json\/wp\/v2\/users\/2"}],"replies":[{"embeddable":true,"href":"https:\/\/www.pidengineering.ca\/fr\/wp-json\/wp\/v2\/comments?post=1441"}],"version-history":[{"count":3,"href":"https:\/\/www.pidengineering.ca\/fr\/wp-json\/wp\/v2\/pages\/1441\/revisions"}],"predecessor-version":[{"id":1444,"href":"https:\/\/www.pidengineering.ca\/fr\/wp-json\/wp\/v2\/pages\/1441\/revisions\/1444"}],"wp:attachment":[{"href":"https:\/\/www.pidengineering.ca\/fr\/wp-json\/wp\/v2\/media?parent=1441"}],"curies":[{"name":"wp","href":"https:\/\/api.w.org\/{rel}","templated":true}]}}